{"id":3822,"date":"2026-02-08T20:02:11","date_gmt":"2026-02-08T20:02:11","guid":{"rendered":"https:\/\/vip-ride.de\/?page_id=3822"},"modified":"2026-02-09T19:58:24","modified_gmt":"2026-02-09T19:58:24","slug":"impressum","status":"publish","type":"page","link":"https:\/\/vip-ride.de\/en\/impressum\/","title":{"rendered":"Impressum"},"content":{"rendered":"<h3 class=\"wp-block-heading\" style=\"text-align: center;\"><strong>IMPRESSUM<\/strong><\/h3>\r\n<p>&nbsp;<\/p>\r\n<h3 data-start=\"142\" data-end=\"167\"><strong data-start=\"142\" data-end=\"167\">Angaben gem\u00e4\u00df \u00a7 5 TMG<\/strong><\/h3>\r\n<p data-start=\"169\" data-end=\"268\"><strong data-start=\"169\" data-end=\"205\">Samir Zaban Mietwagenunternehmen<\/strong><br data-start=\"205\" data-end=\"208\" \/>Inhaber: <strong data-start=\"217\" data-end=\"232\">Samir Zaban<\/strong><br data-start=\"232\" data-end=\"235\" \/>Rechtsform: <strong data-start=\"247\" data-end=\"268\">Einzelunternehmen<\/strong><\/p>\r\n<p data-start=\"270\" data-end=\"322\">Todfeilerstra\u00dfe 13<br data-start=\"291\" data-end=\"294\" \/>85435 Erding<br data-start=\"306\" data-end=\"309\" \/>Deutschland<\/p>\r\n<p data-start=\"324\" data-end=\"423\">Telefon: <strong data-start=\"336\" data-end=\"354\">0176 2268 5663<\/strong><br data-start=\"354\" data-end=\"357\" \/>E-Mail: <strong data-start=\"368\" data-end=\"388\"><a class=\"decorated-link cursor-pointer\" rel=\"noopener\" data-start=\"370\" data-end=\"386\">info@vip-ride.de<\/a><\/strong><br data-start=\"388\" data-end=\"391\" \/>Website: <a class=\"decorated-link\" href=\"https:\/\/vip-ride.de\/en\/\" target=\"_new\" rel=\"noopener\" data-start=\"403\" data-end=\"423\">https:\/\/vip-ride.de\/<\/a><\/p>\r\n<hr data-start=\"425\" data-end=\"428\" \/>\r\n<h3 data-start=\"430\" data-end=\"489\"><strong data-start=\"434\" data-end=\"489\">Umsatzsteuer-Identifikationsnummer gem\u00e4\u00df \u00a7 27a UStG<\/strong><\/h3>\r\n<p data-start=\"490\" data-end=\"503\">DE310634059<\/p>\r\n<h3 data-start=\"505\" data-end=\"525\"><strong data-start=\"509\" data-end=\"525\">Steuernummer<\/strong><\/h3>\r\n<p data-start=\"526\" data-end=\"541\">114\/292\/00220<\/p>\r\n<hr data-start=\"543\" data-end=\"546\" \/>\r\n<h3 data-start=\"548\" data-end=\"607\"><strong data-start=\"552\" data-end=\"607\">Verantwortlich f\u00fcr den Inhalt nach \u00a7 55 Abs. 2 RStV<\/strong><\/h3>\r\n<p data-start=\"608\" data-end=\"655\">Samir Zaban<br data-start=\"619\" data-end=\"622\" \/>Todfeilerstra\u00dfe 13<br data-start=\"640\" data-end=\"643\" \/>85435 Erding<\/p>\r\n<hr data-start=\"657\" data-end=\"660\" \/>\r\n<h3 data-start=\"662\" data-end=\"689\"><strong data-start=\"666\" data-end=\"689\">Haftung f\u00fcr Inhalte<\/strong><\/h3>\r\n<p data-start=\"690\" data-end=\"945\">Als Diensteanbieter sind wir gem\u00e4\u00df \u00a7 7 Abs.1 TMG f\u00fcr eigene Inhalte auf diesen Seiten nach den allgemeinen Gesetzen verantwortlich. Nach \u00a7\u00a7 8 bis 10 TMG sind wir jedoch nicht verpflichtet, \u00fcbermittelte oder gespeicherte fremde Informationen zu \u00fcberwachen.<\/p>\r\n<hr data-start=\"947\" data-end=\"950\" \/>\r\n<h3 data-start=\"952\" data-end=\"977\"><strong data-start=\"956\" data-end=\"977\">Haftung f\u00fcr Links<\/strong><\/h3>\r\n<p data-start=\"978\" data-end=\"1128\">Unsere Website enth\u00e4lt Links zu externen Websites Dritter, auf deren Inhalte wir keinen Einfluss haben. F\u00fcr diese Inhalte \u00fcbernehmen wir keine Gew\u00e4hr.<\/p>\r\n<hr data-start=\"1130\" data-end=\"1133\" \/>\r\n<h3 data-start=\"1135\" data-end=\"1155\"><strong data-start=\"1139\" data-end=\"1155\">Urheberrecht<\/strong><\/h3>\r\n<p data-start=\"1156\" data-end=\"1272\">Die durch den Seitenbetreiber erstellten Inhalte und Werke auf diesen Seiten unterliegen dem deutschen Urheberrecht.<\/p>\r\n\r\n\r\n\r\n<p>&nbsp;<\/p>","protected":false},"excerpt":{"rendered":"<p>IMPRESSUM &nbsp; Angaben gem\u00e4\u00df \u00a7 5 TMG Samir Zaban MietwagenunternehmenInhaber: Samir ZabanRechtsform: Einzelunternehmen Todfeilerstra\u00dfe 1385435 ErdingDeutschland Telefon: 0176 2268 5663E-Mail: info@vip-ride.deWebsite: https:\/\/vip-ride.de\/ Umsatzsteuer-Identifikationsnummer gem\u00e4\u00df \u00a7 27a UStG DE310634059 Steuernummer 114\/292\/00220 Verantwortlich f\u00fcr den Inhalt nach \u00a7 55 Abs. 2 RStV Samir ZabanTodfeilerstra\u00dfe 1385435 Erding Haftung f\u00fcr Inhalte Als Diensteanbieter sind wir gem\u00e4\u00df \u00a7 7 Abs.1  [&#8230;]<\/p>\n","protected":false},"author":1,"featured_media":0,"parent":0,"menu_order":0,"comment_status":"closed","ping_status":"closed","template":"","meta":{"footnotes":""},"class_list":["post-3822","page","type-page","status-publish","hentry"],"_links":{"self":[{"href":"https:\/\/vip-ride.de\/en\/wp-json\/wp\/v2\/pages\/3822","targetHints":{"allow":["GET"]}}],"collection":[{"href":"https:\/\/vip-ride.de\/en\/wp-json\/wp\/v2\/pages"}],"about":[{"href":"https:\/\/vip-ride.de\/en\/wp-json\/wp\/v2\/types\/page"}],"author":[{"embeddable":true,"href":"https:\/\/vip-ride.de\/en\/wp-json\/wp\/v2\/users\/1"}],"replies":[{"embeddable":true,"href":"https:\/\/vip-ride.de\/en\/wp-json\/wp\/v2\/comments?post=3822"}],"version-history":[{"count":12,"href":"https:\/\/vip-ride.de\/en\/wp-json\/wp\/v2\/pages\/3822\/revisions"}],"predecessor-version":[{"id":3851,"href":"https:\/\/vip-ride.de\/en\/wp-json\/wp\/v2\/pages\/3822\/revisions\/3851"}],"wp:attachment":[{"href":"https:\/\/vip-ride.de\/en\/wp-json\/wp\/v2\/media?parent=3822"}],"curies":[{"name":"wp","href":"https:\/\/api.w.org\/{rel}","templated":true}]}}