{"id":3,"date":"2026-01-30T17:11:20","date_gmt":"2026-01-30T17:11:20","guid":{"rendered":"http:\/\/vip-ride.de\/?page_id=3"},"modified":"2026-02-09T18:31:56","modified_gmt":"2026-02-09T18:31:56","slug":"datenschutz","status":"publish","type":"page","link":"https:\/\/vip-ride.de\/en\/datenschutz\/","title":{"rendered":"Datenschutz"},"content":{"rendered":"<h3 class=\"wp-block-heading\" style=\"text-align: center;\" data-start=\"1284\" data-end=\"1310\"><strong data-start=\"1286\" data-end=\"1310\">DATENSCHUTZERKL\u00c4RUNG<\/strong><\/h3>\r\n<h2 data-start=\"1312\" data-end=\"1337\">\u00a0<\/h2>\r\n<h3 data-start=\"1312\" data-end=\"1337\">1. Allgemeine Hinweise<\/h3>\r\n<p data-start=\"1339\" data-end=\"1490\">Der Schutz Ihrer pers\u00f6nlichen Daten ist uns wichtig. Die Verarbeitung Ihrer Daten erfolgt gem\u00e4\u00df den gesetzlichen Datenschutzvorschriften (DSGVO, BDSG).<\/p>\r\n<p data-start=\"1492\" data-end=\"1535\">Verantwortlicher f\u00fcr die Datenverarbeitung:<\/p>\r\n<p data-start=\"1537\" data-end=\"1655\"><strong data-start=\"1537\" data-end=\"1552\">Samir Zaban<\/strong><br data-start=\"1552\" data-end=\"1555\" \/>Todfeilerstra\u00dfe 13<br data-start=\"1573\" data-end=\"1576\" \/>85435 Erding<br data-start=\"1588\" data-end=\"1591\" \/>Deutschland<br data-start=\"1602\" data-end=\"1605\" \/>E-Mail: <a class=\"decorated-link cursor-pointer\" rel=\"noopener\" data-start=\"1613\" data-end=\"1629\">info@vip-ride.de<\/a><br data-start=\"1629\" data-end=\"1632\" \/>Telefon: 0176 2268 5663<\/p>\r\n<hr data-start=\"1657\" data-end=\"1660\" \/>\r\n<h3 data-start=\"1662\" data-end=\"1716\">2. Erhebung und Speicherung personenbezogener Daten<\/h3>\r\n<p data-start=\"1718\" data-end=\"1787\">Beim Besuch dieser Website werden automatisch folgende Daten erfasst:<\/p>\r\n<ul data-start=\"1789\" data-end=\"1900\">\r\n<li data-start=\"1789\" data-end=\"1803\">\r\n<p data-start=\"1791\" data-end=\"1803\">IP-Adresse<\/p>\r\n<\/li>\r\n<li data-start=\"1804\" data-end=\"1837\">\r\n<p data-start=\"1806\" data-end=\"1837\">Datum und Uhrzeit der Anfrage<\/p>\r\n<\/li>\r\n<li data-start=\"1838\" data-end=\"1864\">\r\n<p data-start=\"1840\" data-end=\"1864\">Browsertyp und Version<\/p>\r\n<\/li>\r\n<li data-start=\"1865\" data-end=\"1883\">\r\n<p data-start=\"1867\" data-end=\"1883\">Betriebssystem<\/p>\r\n<\/li>\r\n<li data-start=\"1884\" data-end=\"1900\">\r\n<p data-start=\"1886\" data-end=\"1900\">Referrer-URL<\/p>\r\n<\/li>\r\n<\/ul>\r\n<p data-start=\"1902\" data-end=\"2006\">Diese Daten dienen der technischen Sicherheit und werden nicht mit anderen Datenquellen zusammengef\u00fchrt.<\/p>\r\n<hr data-start=\"2008\" data-end=\"2011\" \/>\r\n<h3 data-start=\"2013\" data-end=\"2034\">3. Kontaktaufnahme<\/h3>\r\n<p data-start=\"2036\" data-end=\"2212\">Wenn Sie uns per E-Mail oder Kontaktformular kontaktieren, werden Ihre Angaben inklusive der von Ihnen dort angegebenen Kontaktdaten gespeichert, um Ihre Anfrage zu bearbeiten.<\/p>\r\n<p data-start=\"2214\" data-end=\"2257\">Rechtsgrundlage: Art. 6 Abs. 1 lit. b DSGVO<\/p>\r\n<hr data-start=\"2259\" data-end=\"2262\" \/>\r\n<h3 data-start=\"2264\" data-end=\"2296\">4. Verwendung von Google Maps<\/h3>\r\n<p data-start=\"2298\" data-end=\"2464\">Diese Website nutzt Google Maps zur Darstellung von Karten. Anbieter ist Google Ireland Limited.<br data-start=\"2394\" data-end=\"2397\" \/>Dabei k\u00f6nnen Daten wie Ihre IP-Adresse an Google \u00fcbertragen werden.<\/p>\r\n<p data-start=\"2466\" data-end=\"2564\">Rechtsgrundlage: Art. 6 Abs. 1 lit. f DSGVO (berechtigtes Interesse an ansprechender Darstellung).<\/p>\r\n<hr data-start=\"2566\" data-end=\"2569\" \/>\r\n<h3 data-start=\"2571\" data-end=\"2584\">5. Cookies<\/h3>\r\n<p data-start=\"2586\" data-end=\"2772\">Unsere Website verwendet Cookies. Diese dienen der technischen Funktionalit\u00e4t der Website. Sie k\u00f6nnen Ihren Browser so einstellen, dass Sie \u00fcber das Setzen von Cookies informiert werden.<\/p>\r\n<hr data-start=\"2774\" data-end=\"2777\" \/>\r\n<h3 data-start=\"2779\" data-end=\"2796\">6. Ihre Rechte<\/h3>\r\n<p data-start=\"2798\" data-end=\"2832\">Sie haben jederzeit das Recht auf:<\/p>\r\n<ul data-start=\"2834\" data-end=\"3060\">\r\n<li data-start=\"2834\" data-end=\"2892\">\r\n<p data-start=\"2836\" data-end=\"2892\">Auskunft \u00fcber Ihre gespeicherten Daten (Art. 15 DSGVO)<\/p>\r\n<\/li>\r\n<li data-start=\"2893\" data-end=\"2925\">\r\n<p data-start=\"2895\" data-end=\"2925\">Berichtigung (Art. 16 DSGVO)<\/p>\r\n<\/li>\r\n<li data-start=\"2926\" data-end=\"2954\">\r\n<p data-start=\"2928\" data-end=\"2954\">L\u00f6schung (Art. 17 DSGVO)<\/p>\r\n<\/li>\r\n<li data-start=\"2955\" data-end=\"3005\">\r\n<p data-start=\"2957\" data-end=\"3005\">Einschr\u00e4nkung der Verarbeitung (Art. 18 DSGVO)<\/p>\r\n<\/li>\r\n<li data-start=\"3006\" data-end=\"3060\">\r\n<p data-start=\"3008\" data-end=\"3060\">Widerspruch gegen die Verarbeitung (Art. 21 DSGVO)<\/p>\r\n<\/li>\r\n<\/ul>\r\n<hr data-start=\"3062\" data-end=\"3065\" \/>\r\n<h3 data-start=\"3067\" data-end=\"3092\">7. SSL-Verschl\u00fcsselung<\/h3>\r\n<p data-start=\"3094\" data-end=\"3160\">Diese Seite nutzt aus Sicherheitsgr\u00fcnden eine SSL-Verschl\u00fcsselung.<\/p>\r\n<hr data-start=\"3162\" data-end=\"3165\" \/>\r\n<h3 data-start=\"3167\" data-end=\"3186\">8. Speicherdauer<\/h3>\r\n<p data-start=\"3188\" data-end=\"3293\">Personenbezogene Daten werden nur so lange gespeichert, wie es f\u00fcr den jeweiligen Zweck erforderlich ist.<\/p>\r\n<hr data-start=\"3295\" data-end=\"3298\" \/>\r\n<h3 data-start=\"3300\" data-end=\"3342\">9. \u00c4nderung dieser Datenschutzerkl\u00e4rung<\/h3>\r\n<p data-start=\"3344\" data-end=\"3404\">Wir behalten uns vor, diese Datenschutzerkl\u00e4rung anzupassen.<\/p>\r\n\r\n\r\n\r\n<p>&nbsp;<\/p>","protected":false},"excerpt":{"rendered":"<p>DATENSCHUTZERKL\u00c4RUNG \u00a0 1. Allgemeine Hinweise Der Schutz Ihrer pers\u00f6nlichen Daten ist uns wichtig. Die Verarbeitung Ihrer Daten erfolgt gem\u00e4\u00df den gesetzlichen Datenschutzvorschriften (DSGVO, BDSG). Verantwortlicher f\u00fcr die Datenverarbeitung: Samir ZabanTodfeilerstra\u00dfe 1385435 ErdingDeutschlandE-Mail: info@vip-ride.deTelefon: 0176 2268 5663 2. Erhebung und Speicherung personenbezogener Daten Beim Besuch dieser Website werden automatisch folgende Daten erfasst: IP-Adresse Datum und Uhrzeit  [&#8230;]<\/p>\n","protected":false},"author":1,"featured_media":0,"parent":0,"menu_order":0,"comment_status":"closed","ping_status":"closed","template":"","meta":{"footnotes":""},"class_list":["post-3","page","type-page","status-publish","hentry"],"_links":{"self":[{"href":"https:\/\/vip-ride.de\/en\/wp-json\/wp\/v2\/pages\/3","targetHints":{"allow":["GET"]}}],"collection":[{"href":"https:\/\/vip-ride.de\/en\/wp-json\/wp\/v2\/pages"}],"about":[{"href":"https:\/\/vip-ride.de\/en\/wp-json\/wp\/v2\/types\/page"}],"author":[{"embeddable":true,"href":"https:\/\/vip-ride.de\/en\/wp-json\/wp\/v2\/users\/1"}],"replies":[{"embeddable":true,"href":"https:\/\/vip-ride.de\/en\/wp-json\/wp\/v2\/comments?post=3"}],"version-history":[{"count":8,"href":"https:\/\/vip-ride.de\/en\/wp-json\/wp\/v2\/pages\/3\/revisions"}],"predecessor-version":[{"id":3838,"href":"https:\/\/vip-ride.de\/en\/wp-json\/wp\/v2\/pages\/3\/revisions\/3838"}],"wp:attachment":[{"href":"https:\/\/vip-ride.de\/en\/wp-json\/wp\/v2\/media?parent=3"}],"curies":[{"name":"wp","href":"https:\/\/api.w.org\/{rel}","templated":true}]}}